{"id":94,"date":"2024-01-24T16:23:01","date_gmt":"2024-01-24T16:23:01","guid":{"rendered":"https:\/\/3ci-pcs.ubi.pt\/?page_id=94"},"modified":"2024-05-03T10:09:16","modified_gmt":"2024-05-03T10:09:16","slug":"local-do-evento-alojamento","status":"publish","type":"page","link":"https:\/\/3ci-pcs.ubi.pt\/?page_id=94","title":{"rendered":"LOCAL DO EVENTO + ALOJAMENTO"},"content":{"rendered":"\t\t<div data-elementor-type=\"wp-page\" data-elementor-id=\"94\" class=\"elementor elementor-94\">\n\t\t\t\t<div class=\"elementor-element elementor-element-09a81df e-flex e-con-boxed e-con e-parent\" data-id=\"09a81df\" data-element_type=\"container\">\n\t\t\t\t\t<div class=\"e-con-inner\">\n\t\t\t\t<div class=\"elementor-element elementor-element-ffa99d5 elementor-widget elementor-widget-image\" data-id=\"ffa99d5\" data-element_type=\"widget\" data-widget_type=\"image.default\">\n\t\t\t\t<div class=\"elementor-widget-container\">\n\t\t\t<style>\/*! elementor - v3.21.0 - 18-04-2024 *\/\n.elementor-widget-image{text-align:center}.elementor-widget-image a{display:inline-block}.elementor-widget-image a img[src$=\".svg\"]{width:48px}.elementor-widget-image img{vertical-align:middle;display:inline-block}<\/style>\t\t\t\t\t\t\t\t\t\t\t<a href=\"https:\/\/3ci-pcs.ubi.pt\/?page_id=414\">\n\t\t\t\t\t\t\t<img decoding=\"async\" src=\"https:\/\/3ci-pcs.ubi.pt\/wp-content\/uploads\/elementor\/thumbs\/png-transparent-flag-of-england-flag-of-the-united-kingdom-english-flag-of-great-britain-england-english-flag-world-thumbnail-qnkkrkzl0llj69hiz3u9kj1er69634t6li5nf2n0xg.png\" title=\"png-transparent-flag-of-england-flag-of-the-united-kingdom-english-flag-of-great-britain-england-english-flag-world-thumbnail\" alt=\"png-transparent-flag-of-england-flag-of-the-united-kingdom-english-flag-of-great-britain-england-english-flag-world-thumbnail\" loading=\"lazy\" \/>\t\t\t\t\t\t\t\t<\/a>\n\t\t\t\t\t\t\t\t\t\t\t\t\t<\/div>\n\t\t\t\t<\/div>\n\t\t\t\t\t<\/div>\n\t\t\t\t<\/div>\n\t\t<div class=\"elementor-element elementor-element-767113e e-flex e-con-boxed e-con e-parent\" data-id=\"767113e\" data-element_type=\"container\">\n\t\t\t\t\t<div class=\"e-con-inner\">\n\t\t\t\t<div class=\"elementor-element elementor-element-b39c51c elementor-widget elementor-widget-text-editor\" data-id=\"b39c51c\" data-element_type=\"widget\" data-widget_type=\"text-editor.default\">\n\t\t\t\t<div class=\"elementor-widget-container\">\n\t\t\t<style>\/*! elementor - v3.21.0 - 18-04-2024 *\/\n.elementor-widget-text-editor.elementor-drop-cap-view-stacked .elementor-drop-cap{background-color:#69727d;color:#fff}.elementor-widget-text-editor.elementor-drop-cap-view-framed .elementor-drop-cap{color:#69727d;border:3px solid;background-color:transparent}.elementor-widget-text-editor:not(.elementor-drop-cap-view-default) .elementor-drop-cap{margin-top:8px}.elementor-widget-text-editor:not(.elementor-drop-cap-view-default) .elementor-drop-cap-letter{width:1em;height:1em}.elementor-widget-text-editor .elementor-drop-cap{float:left;text-align:center;line-height:1;font-size:50px}.elementor-widget-text-editor .elementor-drop-cap-letter{display:inline-block}<\/style>\t\t\t\t<h4><strong>Faculdade de Ci\u00eancias da Sa\u00fade &#8211; UBI<\/strong><\/h4><h4><strong>Av. Infante D. Henrique, 6200-506 Covilh\u00e3<\/strong><\/h4><h5><strong>Coordenadas GPS: N-40\u00b016&#8217;03.27&#8243; W-7\u00b029&#8217;42.13&#8243;<\/strong><\/h5>\t\t\t\t\t\t<\/div>\n\t\t\t\t<\/div>\n\t\t\t\t\t<\/div>\n\t\t\t\t<\/div>\n\t\t<div class=\"elementor-element elementor-element-a8db0e7 e-flex e-con-boxed e-con e-parent\" data-id=\"a8db0e7\" data-element_type=\"container\">\n\t\t\t\t\t<div class=\"e-con-inner\">\n\t\t\t\t<div class=\"elementor-element elementor-element-dac2018 elementor-widget elementor-widget-google_maps\" data-id=\"dac2018\" data-element_type=\"widget\" data-widget_type=\"google_maps.default\">\n\t\t\t\t<div class=\"elementor-widget-container\">\n\t\t\t<style>\/*! elementor - v3.21.0 - 18-04-2024 *\/\n.elementor-widget-google_maps .elementor-widget-container{overflow:hidden}.elementor-widget-google_maps .elementor-custom-embed{line-height:0}.elementor-widget-google_maps iframe{height:300px}<\/style>\t\t<div class=\"elementor-custom-embed\">\n\t\t\t<iframe loading=\"lazy\"\n\t\t\t\t\tsrc=\"https:\/\/maps.google.com\/maps?q=Faculdade%20de%20Ci%C3%AAncias%20da%20Sa%C3%BAde&#038;t=m&#038;z=10&#038;output=embed&#038;iwloc=near\"\n\t\t\t\t\ttitle=\"Faculdade de Ci\u00eancias da Sa\u00fade\"\n\t\t\t\t\taria-label=\"Faculdade de Ci\u00eancias da Sa\u00fade\"\n\t\t\t><\/iframe>\n\t\t<\/div>\n\t\t\t\t<\/div>\n\t\t\t\t<\/div>\n\t\t\t\t\t<\/div>\n\t\t\t\t<\/div>\n\t\t<div class=\"elementor-element elementor-element-0a53568 e-flex e-con-boxed e-con e-parent\" data-id=\"0a53568\" data-element_type=\"container\">\n\t\t\t\t\t<div class=\"e-con-inner\">\n\t\t\t\t<div class=\"elementor-element elementor-element-7f7b779 elementor-widget elementor-widget-spacer\" data-id=\"7f7b779\" data-element_type=\"widget\" data-widget_type=\"spacer.default\">\n\t\t\t\t<div class=\"elementor-widget-container\">\n\t\t\t<style>\/*! elementor - v3.21.0 - 18-04-2024 *\/\n.elementor-column .elementor-spacer-inner{height:var(--spacer-size)}.e-con{--container-widget-width:100%}.e-con-inner>.elementor-widget-spacer,.e-con>.elementor-widget-spacer{width:var(--container-widget-width,var(--spacer-size));--align-self:var(--container-widget-align-self,initial);--flex-shrink:0}.e-con-inner>.elementor-widget-spacer>.elementor-widget-container,.e-con>.elementor-widget-spacer>.elementor-widget-container{height:100%;width:100%}.e-con-inner>.elementor-widget-spacer>.elementor-widget-container>.elementor-spacer,.e-con>.elementor-widget-spacer>.elementor-widget-container>.elementor-spacer{height:100%}.e-con-inner>.elementor-widget-spacer>.elementor-widget-container>.elementor-spacer>.elementor-spacer-inner,.e-con>.elementor-widget-spacer>.elementor-widget-container>.elementor-spacer>.elementor-spacer-inner{height:var(--container-widget-height,var(--spacer-size))}.e-con-inner>.elementor-widget-spacer.elementor-widget-empty,.e-con>.elementor-widget-spacer.elementor-widget-empty{position:relative;min-height:22px;min-width:22px}.e-con-inner>.elementor-widget-spacer.elementor-widget-empty .elementor-widget-empty-icon,.e-con>.elementor-widget-spacer.elementor-widget-empty .elementor-widget-empty-icon{position:absolute;top:0;bottom:0;left:0;right:0;margin:auto;padding:0;width:22px;height:22px}<\/style>\t\t<div class=\"elementor-spacer\">\n\t\t\t<div class=\"elementor-spacer-inner\"><\/div>\n\t\t<\/div>\n\t\t\t\t<\/div>\n\t\t\t\t<\/div>\n\t\t\t\t\t<\/div>\n\t\t\t\t<\/div>\n\t\t<div class=\"elementor-element elementor-element-3013d7e e-flex e-con-boxed e-con e-parent\" data-id=\"3013d7e\" data-element_type=\"container\">\n\t\t\t\t\t<div class=\"e-con-inner\">\n\t\t\t\t<div class=\"elementor-element elementor-element-1f3d330 elementor-position-left elementor-vertical-align-top elementor-widget elementor-widget-image-box\" data-id=\"1f3d330\" data-element_type=\"widget\" data-widget_type=\"image-box.default\">\n\t\t\t\t<div class=\"elementor-widget-container\">\n\t\t\t<style>\/*! elementor - v3.21.0 - 18-04-2024 *\/\n.elementor-widget-image-box .elementor-image-box-content{width:100%}@media (min-width:768px){.elementor-widget-image-box.elementor-position-left .elementor-image-box-wrapper,.elementor-widget-image-box.elementor-position-right .elementor-image-box-wrapper{display:flex}.elementor-widget-image-box.elementor-position-right .elementor-image-box-wrapper{text-align:end;flex-direction:row-reverse}.elementor-widget-image-box.elementor-position-left .elementor-image-box-wrapper{text-align:start;flex-direction:row}.elementor-widget-image-box.elementor-position-top .elementor-image-box-img{margin:auto}.elementor-widget-image-box.elementor-vertical-align-top .elementor-image-box-wrapper{align-items:flex-start}.elementor-widget-image-box.elementor-vertical-align-middle .elementor-image-box-wrapper{align-items:center}.elementor-widget-image-box.elementor-vertical-align-bottom .elementor-image-box-wrapper{align-items:flex-end}}@media (max-width:767px){.elementor-widget-image-box .elementor-image-box-img{margin-left:auto!important;margin-right:auto!important;margin-bottom:15px}}.elementor-widget-image-box .elementor-image-box-img{display:inline-block}.elementor-widget-image-box .elementor-image-box-title a{color:inherit}.elementor-widget-image-box .elementor-image-box-wrapper{text-align:center}.elementor-widget-image-box .elementor-image-box-description{margin:0}<\/style><div class=\"elementor-image-box-wrapper\"><figure class=\"elementor-image-box-img\"><a href=\"https:\/\/www.hotelpurala.pt\/\" tabindex=\"-1\"><img fetchpriority=\"high\" decoding=\"async\" width=\"689\" height=\"460\" src=\"https:\/\/3ci-pcs.ubi.pt\/wp-content\/uploads\/2024\/01\/hp.jpg\" class=\"attachment-full size-full wp-image-100\" alt=\"\" srcset=\"https:\/\/3ci-pcs.ubi.pt\/wp-content\/uploads\/2024\/01\/hp.jpg 689w, https:\/\/3ci-pcs.ubi.pt\/wp-content\/uploads\/2024\/01\/hp-300x200.jpg 300w, https:\/\/3ci-pcs.ubi.pt\/wp-content\/uploads\/2024\/01\/hp-380x254.jpg 380w\" sizes=\"(max-width: 689px) 100vw, 689px\" \/><\/a><\/figure><div class=\"elementor-image-box-content\"><h2 class=\"elementor-image-box-title\"><a href=\"https:\/\/www.hotelpurala.pt\/\">Hotel Pural\u00e3 - Wool Valley & SPA****<\/a><\/h2><\/div><\/div>\t\t<\/div>\n\t\t\t\t<\/div>\n\t\t\t\t\t<\/div>\n\t\t\t\t<\/div>\n\t\t<div class=\"elementor-element elementor-element-b1a513e e-flex e-con-boxed e-con e-parent\" data-id=\"b1a513e\" data-element_type=\"container\">\n\t\t\t\t\t<div class=\"e-con-inner\">\n\t\t\t\t<div class=\"elementor-element elementor-element-df46526 elementor-widget elementor-widget-spacer\" data-id=\"df46526\" data-element_type=\"widget\" data-widget_type=\"spacer.default\">\n\t\t\t\t<div class=\"elementor-widget-container\">\n\t\t\t\t\t<div class=\"elementor-spacer\">\n\t\t\t<div class=\"elementor-spacer-inner\"><\/div>\n\t\t<\/div>\n\t\t\t\t<\/div>\n\t\t\t\t<\/div>\n\t\t\t\t\t<\/div>\n\t\t\t\t<\/div>\n\t\t<div class=\"elementor-element elementor-element-9cf92c3 e-flex e-con-boxed e-con e-parent\" data-id=\"9cf92c3\" data-element_type=\"container\">\n\t\t\t\t\t<div class=\"e-con-inner\">\n\t\t\t\t<div class=\"elementor-element elementor-element-9d1b74a elementor-position-left elementor-vertical-align-top elementor-widget elementor-widget-image-box\" data-id=\"9d1b74a\" data-element_type=\"widget\" data-widget_type=\"image-box.default\">\n\t\t\t\t<div class=\"elementor-widget-container\">\n\t\t\t<div class=\"elementor-image-box-wrapper\"><figure class=\"elementor-image-box-img\"><a href=\"https:\/\/www.sporthotel.pt\/\" tabindex=\"-1\"><img decoding=\"async\" width=\"689\" height=\"460\" src=\"https:\/\/3ci-pcs.ubi.pt\/wp-content\/uploads\/2024\/01\/sh.jpg\" class=\"attachment-full size-full wp-image-101\" alt=\"\" srcset=\"https:\/\/3ci-pcs.ubi.pt\/wp-content\/uploads\/2024\/01\/sh.jpg 689w, https:\/\/3ci-pcs.ubi.pt\/wp-content\/uploads\/2024\/01\/sh-300x200.jpg 300w, https:\/\/3ci-pcs.ubi.pt\/wp-content\/uploads\/2024\/01\/sh-380x254.jpg 380w\" sizes=\"(max-width: 689px) 100vw, 689px\" \/><\/a><\/figure><div class=\"elementor-image-box-content\"><h2 class=\"elementor-image-box-title\"><a href=\"https:\/\/www.sporthotel.pt\/\">Sport Hotel - Sport Hotel Gym + SPA***<\/a><\/h2><\/div><\/div>\t\t<\/div>\n\t\t\t\t<\/div>\n\t\t\t\t\t<\/div>\n\t\t\t\t<\/div>\n\t\t<div class=\"elementor-element elementor-element-17310a7 e-flex e-con-boxed e-con e-parent\" data-id=\"17310a7\" data-element_type=\"container\">\n\t\t\t\t\t<div class=\"e-con-inner\">\n\t\t\t\t<div class=\"elementor-element elementor-element-0256665 elementor-widget elementor-widget-spacer\" data-id=\"0256665\" data-element_type=\"widget\" data-widget_type=\"spacer.default\">\n\t\t\t\t<div class=\"elementor-widget-container\">\n\t\t\t\t\t<div class=\"elementor-spacer\">\n\t\t\t<div class=\"elementor-spacer-inner\"><\/div>\n\t\t<\/div>\n\t\t\t\t<\/div>\n\t\t\t\t<\/div>\n\t\t\t\t\t<\/div>\n\t\t\t\t<\/div>\n\t\t<div class=\"elementor-element elementor-element-e5fc17b e-flex e-con-boxed e-con e-parent\" data-id=\"e5fc17b\" data-element_type=\"container\">\n\t\t\t\t\t<div class=\"e-con-inner\">\n\t\t\t\t<div class=\"elementor-element elementor-element-fc99a80 elementor-position-left elementor-vertical-align-top elementor-widget elementor-widget-image-box\" data-id=\"fc99a80\" data-element_type=\"widget\" data-widget_type=\"image-box.default\">\n\t\t\t\t<div class=\"elementor-widget-container\">\n\t\t\t<div class=\"elementor-image-box-wrapper\"><figure class=\"elementor-image-box-img\"><a href=\"https:\/\/www.hoteldonamaria.com\/pt\/Menu\/Home.aspx\" tabindex=\"-1\"><img decoding=\"async\" width=\"689\" height=\"460\" src=\"https:\/\/3ci-pcs.ubi.pt\/wp-content\/uploads\/2024\/01\/melia-1.jpg\" class=\"attachment-full size-full wp-image-104\" alt=\"\" srcset=\"https:\/\/3ci-pcs.ubi.pt\/wp-content\/uploads\/2024\/01\/melia-1.jpg 689w, https:\/\/3ci-pcs.ubi.pt\/wp-content\/uploads\/2024\/01\/melia-1-300x200.jpg 300w, https:\/\/3ci-pcs.ubi.pt\/wp-content\/uploads\/2024\/01\/melia-1-380x254.jpg 380w\" sizes=\"(max-width: 689px) 100vw, 689px\" \/><\/a><\/figure><div class=\"elementor-image-box-content\"><h2 class=\"elementor-image-box-title\"><a href=\"https:\/\/www.hoteldonamaria.com\/pt\/Menu\/Home.aspx\">Hotel Tryp Dona Maria****<\/a><\/h2><\/div><\/div>\t\t<\/div>\n\t\t\t\t<\/div>\n\t\t\t\t\t<\/div>\n\t\t\t\t<\/div>\n\t\t<div class=\"elementor-element elementor-element-247024c e-flex e-con-boxed e-con e-parent\" data-id=\"247024c\" data-element_type=\"container\">\n\t\t\t\t\t<div class=\"e-con-inner\">\n\t\t\t\t<div class=\"elementor-element elementor-element-febd79d elementor-widget elementor-widget-spacer\" data-id=\"febd79d\" data-element_type=\"widget\" data-widget_type=\"spacer.default\">\n\t\t\t\t<div class=\"elementor-widget-container\">\n\t\t\t\t\t<div class=\"elementor-spacer\">\n\t\t\t<div class=\"elementor-spacer-inner\"><\/div>\n\t\t<\/div>\n\t\t\t\t<\/div>\n\t\t\t\t<\/div>\n\t\t\t\t\t<\/div>\n\t\t\t\t<\/div>\n\t\t<div class=\"elementor-element elementor-element-57681b3 e-flex e-con-boxed e-con e-parent\" data-id=\"57681b3\" data-element_type=\"container\">\n\t\t\t\t\t<div class=\"e-con-inner\">\n\t\t\t\t<div class=\"elementor-element elementor-element-9707d15 elementor-position-left elementor-vertical-align-top elementor-widget elementor-widget-image-box\" data-id=\"9707d15\" data-element_type=\"widget\" data-widget_type=\"image-box.default\">\n\t\t\t\t<div class=\"elementor-widget-container\">\n\t\t\t<div class=\"elementor-image-box-wrapper\"><figure class=\"elementor-image-box-img\"><a href=\"https:\/\/www.hotelsantaeufemia.com\/pt\/Home\" tabindex=\"-1\"><img loading=\"lazy\" decoding=\"async\" width=\"550\" height=\"385\" src=\"https:\/\/3ci-pcs.ubi.pt\/wp-content\/uploads\/2024\/01\/se-1.jpg\" class=\"attachment-full size-full wp-image-103\" alt=\"\" srcset=\"https:\/\/3ci-pcs.ubi.pt\/wp-content\/uploads\/2024\/01\/se-1.jpg 550w, https:\/\/3ci-pcs.ubi.pt\/wp-content\/uploads\/2024\/01\/se-1-300x210.jpg 300w\" sizes=\"(max-width: 550px) 100vw, 550px\" \/><\/a><\/figure><div class=\"elementor-image-box-content\"><h2 class=\"elementor-image-box-title\"><a href=\"https:\/\/www.hotelsantaeufemia.com\/pt\/Home\">Hotel Santa Euf\u00e9mia***<\/a><\/h2><\/div><\/div>\t\t<\/div>\n\t\t\t\t<\/div>\n\t\t\t\t\t<\/div>\n\t\t\t\t<\/div>\n\t\t<div class=\"elementor-element elementor-element-ecd99ed e-flex e-con-boxed e-con e-parent\" data-id=\"ecd99ed\" data-element_type=\"container\">\n\t\t\t\t\t<div class=\"e-con-inner\">\n\t\t<div class=\"elementor-element elementor-element-be446e5 e-con-full e-flex e-con e-child\" data-id=\"be446e5\" data-element_type=\"container\">\n\t\t\t\t<div class=\"elementor-element elementor-element-0bb4371 elementor-widget elementor-widget-image\" data-id=\"0bb4371\" data-element_type=\"widget\" data-widget_type=\"image.default\">\n\t\t\t\t<div class=\"elementor-widget-container\">\n\t\t\t\t\t\t\t\t\t\t\t\t\t<img loading=\"lazy\" decoding=\"async\" width=\"722\" height=\"1024\" src=\"https:\/\/3ci-pcs.ubi.pt\/wp-content\/uploads\/2024\/01\/MAPA_Covilha_Icovi-1-722x1024.jpg\" class=\"attachment-large size-large wp-image-108\" alt=\"\" srcset=\"https:\/\/3ci-pcs.ubi.pt\/wp-content\/uploads\/2024\/01\/MAPA_Covilha_Icovi-1-722x1024.jpg 722w, https:\/\/3ci-pcs.ubi.pt\/wp-content\/uploads\/2024\/01\/MAPA_Covilha_Icovi-1-211x300.jpg 211w, https:\/\/3ci-pcs.ubi.pt\/wp-content\/uploads\/2024\/01\/MAPA_Covilha_Icovi-1-768x1090.jpg 768w, https:\/\/3ci-pcs.ubi.pt\/wp-content\/uploads\/2024\/01\/MAPA_Covilha_Icovi-1-1083x1536.jpg 1083w, https:\/\/3ci-pcs.ubi.pt\/wp-content\/uploads\/2024\/01\/MAPA_Covilha_Icovi-1-1444x2048.jpg 1444w, https:\/\/3ci-pcs.ubi.pt\/wp-content\/uploads\/2024\/01\/MAPA_Covilha_Icovi-1.jpg 1748w\" sizes=\"(max-width: 722px) 100vw, 722px\" \/>\t\t\t\t\t\t\t\t\t\t\t\t\t<\/div>\n\t\t\t\t<\/div>\n\t\t\t\t<\/div>\n\t\t<div class=\"elementor-element elementor-element-6ae6fe7 e-con-full e-flex e-con e-child\" data-id=\"6ae6fe7\" data-element_type=\"container\">\n\t\t\t\t<div class=\"elementor-element elementor-element-bd0c6d3 elementor-widget elementor-widget-image\" data-id=\"bd0c6d3\" data-element_type=\"widget\" data-widget_type=\"image.default\">\n\t\t\t\t<div class=\"elementor-widget-container\">\n\t\t\t\t\t\t\t\t\t\t\t\t\t<img loading=\"lazy\" decoding=\"async\" width=\"722\" height=\"1024\" src=\"https:\/\/3ci-pcs.ubi.pt\/wp-content\/uploads\/2024\/01\/MAPA_Covilha_Icovi-2-722x1024.jpg\" class=\"attachment-large size-large wp-image-109\" alt=\"\" srcset=\"https:\/\/3ci-pcs.ubi.pt\/wp-content\/uploads\/2024\/01\/MAPA_Covilha_Icovi-2-722x1024.jpg 722w, https:\/\/3ci-pcs.ubi.pt\/wp-content\/uploads\/2024\/01\/MAPA_Covilha_Icovi-2-211x300.jpg 211w, https:\/\/3ci-pcs.ubi.pt\/wp-content\/uploads\/2024\/01\/MAPA_Covilha_Icovi-2-768x1090.jpg 768w, https:\/\/3ci-pcs.ubi.pt\/wp-content\/uploads\/2024\/01\/MAPA_Covilha_Icovi-2-1083x1536.jpg 1083w, https:\/\/3ci-pcs.ubi.pt\/wp-content\/uploads\/2024\/01\/MAPA_Covilha_Icovi-2-1444x2048.jpg 1444w, https:\/\/3ci-pcs.ubi.pt\/wp-content\/uploads\/2024\/01\/MAPA_Covilha_Icovi-2.jpg 1748w\" sizes=\"(max-width: 722px) 100vw, 722px\" \/>\t\t\t\t\t\t\t\t\t\t\t\t\t<\/div>\n\t\t\t\t<\/div>\n\t\t\t\t<\/div>\n\t\t\t\t\t<\/div>\n\t\t\t\t<\/div>\n\t\t\t\t<\/div>\n\t\t","protected":false},"excerpt":{"rendered":"<p>Faculdade de Ci\u00eancias da Sa\u00fade &#8211; UBI Av. Infante D. Henrique, 6200-506 Covilh\u00e3 Coordenadas GPS: N-40\u00b016&#8217;03.27&#8243; W-7\u00b029&#8217;42.13&#8243; Hotel Pural\u00e3 &#8211; Wool Valley &#038; SPA**** Sport Hotel &#8211; Sport Hotel Gym + SPA*** Hotel Tryp Dona Maria**** Hotel Santa Euf\u00e9mia***<\/p>\n","protected":false},"author":1,"featured_media":0,"parent":0,"menu_order":0,"comment_status":"closed","ping_status":"closed","template":"","meta":{"footnotes":""},"class_list":["post-94","page","type-page","status-publish","hentry"],"_links":{"self":[{"href":"https:\/\/3ci-pcs.ubi.pt\/index.php?rest_route=\/wp\/v2\/pages\/94","targetHints":{"allow":["GET"]}}],"collection":[{"href":"https:\/\/3ci-pcs.ubi.pt\/index.php?rest_route=\/wp\/v2\/pages"}],"about":[{"href":"https:\/\/3ci-pcs.ubi.pt\/index.php?rest_route=\/wp\/v2\/types\/page"}],"author":[{"embeddable":true,"href":"https:\/\/3ci-pcs.ubi.pt\/index.php?rest_route=\/wp\/v2\/users\/1"}],"replies":[{"embeddable":true,"href":"https:\/\/3ci-pcs.ubi.pt\/index.php?rest_route=%2Fwp%2Fv2%2Fcomments&post=94"}],"version-history":[{"count":16,"href":"https:\/\/3ci-pcs.ubi.pt\/index.php?rest_route=\/wp\/v2\/pages\/94\/revisions"}],"predecessor-version":[{"id":424,"href":"https:\/\/3ci-pcs.ubi.pt\/index.php?rest_route=\/wp\/v2\/pages\/94\/revisions\/424"}],"wp:attachment":[{"href":"https:\/\/3ci-pcs.ubi.pt\/index.php?rest_route=%2Fwp%2Fv2%2Fmedia&parent=94"}],"curies":[{"name":"wp","href":"https:\/\/api.w.org\/{rel}","templated":true}]}}