{"id":9,"date":"2024-01-24T14:30:40","date_gmt":"2024-01-24T14:30:40","guid":{"rendered":"https:\/\/3ci-pcs.ubi.pt\/?page_id=9"},"modified":"2024-05-06T08:08:47","modified_gmt":"2024-05-06T08:08:47","slug":"3as-conferencias","status":"publish","type":"page","link":"https:\/\/3ci-pcs.ubi.pt\/","title":{"rendered":"3as Confer\u00eancias"},"content":{"rendered":"\t\t<div data-elementor-type=\"wp-page\" data-elementor-id=\"9\" class=\"elementor elementor-9\">\n\t\t\t\t<div class=\"elementor-element elementor-element-e5bb0c2 e-flex e-con-boxed e-con e-parent\" data-id=\"e5bb0c2\" data-element_type=\"container\">\n\t\t\t\t\t<div class=\"e-con-inner\">\n\t\t<div class=\"elementor-element elementor-element-528f6e7 e-con-full e-flex e-con e-child\" data-id=\"528f6e7\" data-element_type=\"container\">\n\t\t\t\t<div class=\"elementor-element elementor-element-9775844 elementor-widget elementor-widget-text-editor\" data-id=\"9775844\" data-element_type=\"widget\" data-widget_type=\"text-editor.default\">\n\t\t\t\t<div class=\"elementor-widget-container\">\n\t\t\t<style>\/*! elementor - v3.21.0 - 18-04-2024 *\/\n.elementor-widget-text-editor.elementor-drop-cap-view-stacked .elementor-drop-cap{background-color:#69727d;color:#fff}.elementor-widget-text-editor.elementor-drop-cap-view-framed .elementor-drop-cap{color:#69727d;border:3px solid;background-color:transparent}.elementor-widget-text-editor:not(.elementor-drop-cap-view-default) .elementor-drop-cap{margin-top:8px}.elementor-widget-text-editor:not(.elementor-drop-cap-view-default) .elementor-drop-cap-letter{width:1em;height:1em}.elementor-widget-text-editor .elementor-drop-cap{float:left;text-align:center;line-height:1;font-size:50px}.elementor-widget-text-editor .elementor-drop-cap-letter{display:inline-block}<\/style>\t\t\t\t<h5><strong>L\u00edngua oficial: Portugu\u00eas<\/strong><\/h5>\t\t\t\t\t\t<\/div>\n\t\t\t\t<\/div>\n\t\t\t\t<\/div>\n\t\t<div class=\"elementor-element elementor-element-bea3401 e-con-full e-flex e-con e-child\" data-id=\"bea3401\" data-element_type=\"container\">\n\t\t\t\t<div class=\"elementor-element elementor-element-1f751da elementor-widget elementor-widget-image\" data-id=\"1f751da\" data-element_type=\"widget\" data-widget_type=\"image.default\">\n\t\t\t\t<div class=\"elementor-widget-container\">\n\t\t\t<style>\/*! elementor - v3.21.0 - 18-04-2024 *\/\n.elementor-widget-image{text-align:center}.elementor-widget-image a{display:inline-block}.elementor-widget-image a img[src$=\".svg\"]{width:48px}.elementor-widget-image img{vertical-align:middle;display:inline-block}<\/style>\t\t\t\t\t\t\t\t\t\t\t<a href=\"https:\/\/3ci-pcs.ubi.pt\/?page_id=253\">\n\t\t\t\t\t\t\t<img decoding=\"async\" src=\"https:\/\/3ci-pcs.ubi.pt\/wp-content\/uploads\/elementor\/thumbs\/png-transparent-flag-of-england-flag-of-the-united-kingdom-english-flag-of-great-britain-england-english-flag-world-thumbnail-qnkkrkzl0llj69hiz3u9kj1er69634t6li5nf2n0xg.png\" title=\"png-transparent-flag-of-england-flag-of-the-united-kingdom-english-flag-of-great-britain-england-english-flag-world-thumbnail\" alt=\"png-transparent-flag-of-england-flag-of-the-united-kingdom-english-flag-of-great-britain-england-english-flag-world-thumbnail\" loading=\"lazy\" \/>\t\t\t\t\t\t\t\t<\/a>\n\t\t\t\t\t\t\t\t\t\t\t\t\t<\/div>\n\t\t\t\t<\/div>\n\t\t\t\t<\/div>\n\t\t\t\t\t<\/div>\n\t\t\t\t<\/div>\n\t\t<div class=\"elementor-element elementor-element-7a106dc e-flex e-con-boxed e-con e-parent\" data-id=\"7a106dc\" data-element_type=\"container\">\n\t\t\t\t\t<div class=\"e-con-inner\">\n\t\t<div class=\"elementor-element elementor-element-49d5b06 e-con-full e-flex e-con e-child\" data-id=\"49d5b06\" data-element_type=\"container\">\n\t\t\t\t<div class=\"elementor-element elementor-element-411b259 elementor-widget elementor-widget-text-editor\" data-id=\"411b259\" data-element_type=\"widget\" data-widget_type=\"text-editor.default\">\n\t\t\t\t<div class=\"elementor-widget-container\">\n\t\t\t\t\t\t\t<h4><strong>1\u00aa Confer\u00eancias Internacional em Psicologia<\/strong><br \/><strong>Psicologia Cl\u00ednica e da Sa\u00fade em tempos de adversidade\u00a0e mudan\u00e7a<\/strong><\/h4>\t\t\t\t\t\t<\/div>\n\t\t\t\t<\/div>\n\t\t\t\t<\/div>\n\t\t<div class=\"elementor-element elementor-element-dbbd31d e-con-full e-flex e-con e-child\" data-id=\"dbbd31d\" data-element_type=\"container\">\n\t\t\t\t<div class=\"elementor-element elementor-element-e43fe25 elementor-widget elementor-widget-button\" data-id=\"e43fe25\" data-element_type=\"widget\" data-widget_type=\"button.default\">\n\t\t\t\t<div class=\"elementor-widget-container\">\n\t\t\t\t\t<div class=\"elementor-button-wrapper\">\n\t\t\t<a class=\"elementor-button elementor-button-link elementor-size-sm\" href=\"http:\/\/www.ci-pcs.ubi.pt\">\n\t\t\t\t\t\t<span class=\"elementor-button-content-wrapper\">\n\t\t\t\t\t\t\t\t\t<span class=\"elementor-button-text\">Clique aqui<\/span>\n\t\t\t\t\t<\/span>\n\t\t\t\t\t<\/a>\n\t\t<\/div>\n\t\t\t\t<\/div>\n\t\t\t\t<\/div>\n\t\t\t\t<\/div>\n\t\t\t\t\t<\/div>\n\t\t\t\t<\/div>\n\t\t<div class=\"elementor-element elementor-element-972ab79 e-flex e-con-boxed e-con e-parent\" data-id=\"972ab79\" data-element_type=\"container\">\n\t\t\t\t\t<div class=\"e-con-inner\">\n\t\t<div class=\"elementor-element elementor-element-f56a836 e-con-full e-flex e-con e-child\" data-id=\"f56a836\" data-element_type=\"container\">\n\t\t\t\t<div class=\"elementor-element elementor-element-1d09c4f elementor-widget elementor-widget-text-editor\" data-id=\"1d09c4f\" data-element_type=\"widget\" data-widget_type=\"text-editor.default\">\n\t\t\t\t<div class=\"elementor-widget-container\">\n\t\t\t\t\t\t\t<h4><strong>2\u00aa Confer\u00eancias Internacional em Psicologia<br \/>A import\u00e2ncia da Psicologia Cl\u00ednica e da Sa\u00fade no mundo atual: Desafios e Contributos<\/strong><\/h4>\t\t\t\t\t\t<\/div>\n\t\t\t\t<\/div>\n\t\t\t\t<\/div>\n\t\t<div class=\"elementor-element elementor-element-f529fe3 e-con-full e-flex e-con e-child\" data-id=\"f529fe3\" data-element_type=\"container\">\n\t\t\t\t<div class=\"elementor-element elementor-element-156107f elementor-widget elementor-widget-button\" data-id=\"156107f\" data-element_type=\"widget\" data-widget_type=\"button.default\">\n\t\t\t\t<div class=\"elementor-widget-container\">\n\t\t\t\t\t<div class=\"elementor-button-wrapper\">\n\t\t\t<a class=\"elementor-button elementor-button-link elementor-size-sm\" href=\"http:\/\/www.2ci-pcs.ubi.pt\">\n\t\t\t\t\t\t<span class=\"elementor-button-content-wrapper\">\n\t\t\t\t\t\t\t\t\t<span class=\"elementor-button-text\">Clique aqui<\/span>\n\t\t\t\t\t<\/span>\n\t\t\t\t\t<\/a>\n\t\t<\/div>\n\t\t\t\t<\/div>\n\t\t\t\t<\/div>\n\t\t\t\t<\/div>\n\t\t\t\t\t<\/div>\n\t\t\t\t<\/div>\n\t\t<div class=\"elementor-element elementor-element-b51c4d0 e-flex e-con-boxed e-con e-parent\" data-id=\"b51c4d0\" data-element_type=\"container\">\n\t\t\t\t\t<div class=\"e-con-inner\">\n\t\t\t\t<div class=\"elementor-element elementor-element-080c794 elementor-widget elementor-widget-heading\" data-id=\"080c794\" data-element_type=\"widget\" data-widget_type=\"heading.default\">\n\t\t\t\t<div class=\"elementor-widget-container\">\n\t\t\t<style>\/*! elementor - v3.21.0 - 18-04-2024 *\/\n.elementor-heading-title{padding:0;margin:0;line-height:1}.elementor-widget-heading .elementor-heading-title[class*=elementor-size-]>a{color:inherit;font-size:inherit;line-height:inherit}.elementor-widget-heading .elementor-heading-title.elementor-size-small{font-size:15px}.elementor-widget-heading .elementor-heading-title.elementor-size-medium{font-size:19px}.elementor-widget-heading .elementor-heading-title.elementor-size-large{font-size:29px}.elementor-widget-heading .elementor-heading-title.elementor-size-xl{font-size:39px}.elementor-widget-heading .elementor-heading-title.elementor-size-xxl{font-size:59px}<\/style><h2 class=\"elementor-heading-title elementor-size-default\">MENSAGEM DE BOAS-VINDAS<\/h2>\t\t<\/div>\n\t\t\t\t<\/div>\n\t\t\t\t\t<\/div>\n\t\t\t\t<\/div>\n\t\t<div class=\"elementor-element elementor-element-c2c36fa e-flex e-con-boxed e-con e-parent\" data-id=\"c2c36fa\" data-element_type=\"container\">\n\t\t\t\t\t<div class=\"e-con-inner\">\n\t\t\t\t<div class=\"elementor-element elementor-element-ffff8d8 elementor-widget elementor-widget-text-editor\" data-id=\"ffff8d8\" data-element_type=\"widget\" data-widget_type=\"text-editor.default\">\n\t\t\t\t<div class=\"elementor-widget-container\">\n\t\t\t\t\t\t\t<h5><strong>Sa\u00fade Mental e Sa\u00fade Global: Respostas e Compromissos da Psicologia Cl\u00ednica e da Sa\u00fade<\/strong><\/h5><h5><strong>\u00c9 com imensa satisfa\u00e7\u00e3o que, no \u00e2mbito do 3\u00ba Ciclo em Psicologia Cl\u00ednica e da Sa\u00fade da UBI, o Departamento de Psicologia e Educa\u00e7\u00e3o em colabora\u00e7\u00e3o com a Faculdade de Ci\u00eancias Sociais e Humanas e Faculdade de Ci\u00eancias da Sa\u00fade da Universidade da Beira Interior realiza as 3as Confer\u00eancias Internacionais em Psicologia Cl\u00ednica e da Sa\u00fade da Universidade da Beira Interior, nos dias 20 e 21 de maio de 2024, nas instala\u00e7\u00f5es da Faculdade de Ci\u00eancias da Sa\u00fade \u2013 na cidade da Covilh\u00e3\/Serra da Estrela, Portugal.<\/strong><\/h5><h5><strong>\u201cSa\u00fade Mental e Sa\u00fade Global: Respostas e Compromissos da Psicologia Cl\u00ednica e da Sa\u00fade\u201d \u00e9 o tema das confer\u00eancias internacionais deste ano, em formato h\u00edbrido, o que diminuir\u00e1 dist\u00e2ncias e aumentar\u00e1 a participa\u00e7\u00e3o global. Nos \u00faltimos tempos, o mundo atual sofreu enormes desafios globais criados pelas crises, em rela\u00e7\u00e3o aos quais a Psicologia Cl\u00ednica e da Sa\u00fade assume um papel determinante na supera\u00e7\u00e3o dos desafios que os tempos atuais cumprem a todos\/as os \/as cidad\u00e3os\/cidad\u00e3s, e, consequentemente, aos profissionais que interv\u00eam na promo\u00e7\u00e3o da sa\u00fade mental e do bem-estar individual, grupal e social. A Psicologia Cl\u00ednica e da Sa\u00fade pode contribuir de forma relevante para melhorar e manter a Qualidade de Vida, adequando respostas ajustadas e integradas, inspiradas na investiga\u00e7\u00e3o aplicada,<\/strong><\/h5><h5><strong>Neste terceiro evento organizado no \u00e2mbito do 3\u00ba Ciclo em Psicologia Cl\u00ednica e da Sa\u00fade da Universidade da Beira Interior, ser\u00e3o apresentados os conferencistas convidados\/s de m\u00e9rito e reconhecimento (inter)nacional. Para al\u00e9m das confer\u00eancias, decorrem ainda sess\u00f5es de apresenta\u00e7\u00e3o de trabalhos, sob dois formatos: Simp\u00f3sio de Comunica\u00e7\u00f5es Orais e Sess\u00e3o de Posters.<\/strong><\/h5><h5><strong>Desejo que estas confer\u00eancias contribuam para a constru\u00e7\u00e3o conjunta de conhecimento na \u00e1rea da Psicologia Cl\u00ednica e da Sa\u00fade, assim como de partilha de experi\u00eancias coletivas que contribuam para superar os desafios do mundo de hoje.<\/strong><\/h5><h5><strong>Bem-vindos\/as!<\/strong><\/h5><h5><strong>O Coordenador da Comiss\u00e3o Cient\u00edfica<\/strong><\/h5><h5><em><strong>Henrique Pereira<\/strong><\/em><\/h5>\t\t\t\t\t\t<\/div>\n\t\t\t\t<\/div>\n\t\t\t\t\t<\/div>\n\t\t\t\t<\/div>\n\t\t\t\t<\/div>\n\t\t","protected":false},"excerpt":{"rendered":"<p>L\u00edngua oficial: Portugu\u00eas 1\u00aa Confer\u00eancias Internacional em PsicologiaPsicologia Cl\u00ednica e da Sa\u00fade em tempos de adversidade\u00a0e mudan\u00e7a Clique aqui 2\u00aa Confer\u00eancias Internacional em PsicologiaA import\u00e2ncia da Psicologia Cl\u00ednica e da Sa\u00fade no mundo atual: Desafios e Contributos Clique aqui MENSAGEM DE BOAS-VINDAS Sa\u00fade Mental e Sa\u00fade Global: Respostas e Compromissos da Psicologia Cl\u00ednica e da&#8230;<\/p>\n<p class=\"more-link\"><a href=\"https:\/\/3ci-pcs.ubi.pt\/\"><span>Read More<\/span><i>&#43;<\/i><\/a><\/p>\n","protected":false},"author":1,"featured_media":0,"parent":0,"menu_order":0,"comment_status":"closed","ping_status":"closed","template":"","meta":{"footnotes":""},"class_list":["post-9","page","type-page","status-publish","hentry"],"_links":{"self":[{"href":"https:\/\/3ci-pcs.ubi.pt\/index.php?rest_route=\/wp\/v2\/pages\/9","targetHints":{"allow":["GET"]}}],"collection":[{"href":"https:\/\/3ci-pcs.ubi.pt\/index.php?rest_route=\/wp\/v2\/pages"}],"about":[{"href":"https:\/\/3ci-pcs.ubi.pt\/index.php?rest_route=\/wp\/v2\/types\/page"}],"author":[{"embeddable":true,"href":"https:\/\/3ci-pcs.ubi.pt\/index.php?rest_route=\/wp\/v2\/users\/1"}],"replies":[{"embeddable":true,"href":"https:\/\/3ci-pcs.ubi.pt\/index.php?rest_route=%2Fwp%2Fv2%2Fcomments&post=9"}],"version-history":[{"count":50,"href":"https:\/\/3ci-pcs.ubi.pt\/index.php?rest_route=\/wp\/v2\/pages\/9\/revisions"}],"predecessor-version":[{"id":485,"href":"https:\/\/3ci-pcs.ubi.pt\/index.php?rest_route=\/wp\/v2\/pages\/9\/revisions\/485"}],"wp:attachment":[{"href":"https:\/\/3ci-pcs.ubi.pt\/index.php?rest_route=%2Fwp%2Fv2%2Fmedia&parent=9"}],"curies":[{"name":"wp","href":"https:\/\/api.w.org\/{rel}","templated":true}]}}