{"id":84,"date":"2024-01-24T16:21:09","date_gmt":"2024-01-24T16:21:09","guid":{"rendered":"https:\/\/3ci-pcs.ubi.pt\/?page_id=84"},"modified":"2024-05-03T10:01:42","modified_gmt":"2024-05-03T10:01:42","slug":"submissao-de-trabalhos","status":"publish","type":"page","link":"https:\/\/3ci-pcs.ubi.pt\/?page_id=84","title":{"rendered":"SUBMISS\u00c3O DE TRABALHOS"},"content":{"rendered":"\t\t<div data-elementor-type=\"wp-page\" data-elementor-id=\"84\" class=\"elementor elementor-84\">\n\t\t\t\t<div class=\"elementor-element elementor-element-311ca7e e-flex e-con-boxed e-con e-parent\" data-id=\"311ca7e\" data-element_type=\"container\">\n\t\t\t\t\t<div class=\"e-con-inner\">\n\t\t\t\t<div class=\"elementor-element elementor-element-b769ae2 elementor-widget elementor-widget-image\" data-id=\"b769ae2\" data-element_type=\"widget\" data-widget_type=\"image.default\">\n\t\t\t\t<div class=\"elementor-widget-container\">\n\t\t\t<style>\/*! elementor - v3.21.0 - 18-04-2024 *\/\n.elementor-widget-image{text-align:center}.elementor-widget-image a{display:inline-block}.elementor-widget-image a img[src$=\".svg\"]{width:48px}.elementor-widget-image img{vertical-align:middle;display:inline-block}<\/style>\t\t\t\t\t\t\t\t\t\t\t<a href=\"https:\/\/3ci-pcs.ubi.pt\/?page_id=377\">\n\t\t\t\t\t\t\t<img decoding=\"async\" src=\"https:\/\/3ci-pcs.ubi.pt\/wp-content\/uploads\/elementor\/thumbs\/png-transparent-flag-of-england-flag-of-the-united-kingdom-english-flag-of-great-britain-england-english-flag-world-thumbnail-qnkkrkzl0llj69hiz3u9kj1er69634t6li5nf2n0xg.png\" title=\"png-transparent-flag-of-england-flag-of-the-united-kingdom-english-flag-of-great-britain-england-english-flag-world-thumbnail\" alt=\"png-transparent-flag-of-england-flag-of-the-united-kingdom-english-flag-of-great-britain-england-english-flag-world-thumbnail\" loading=\"lazy\" \/>\t\t\t\t\t\t\t\t<\/a>\n\t\t\t\t\t\t\t\t\t\t\t\t\t<\/div>\n\t\t\t\t<\/div>\n\t\t\t\t\t<\/div>\n\t\t\t\t<\/div>\n\t\t<div class=\"elementor-element elementor-element-e86fe99 e-flex e-con-boxed e-con e-parent\" data-id=\"e86fe99\" data-element_type=\"container\">\n\t\t\t\t\t<div class=\"e-con-inner\">\n\t\t\t\t<div class=\"elementor-element elementor-element-c4cdd3c elementor-widget elementor-widget-text-editor\" data-id=\"c4cdd3c\" data-element_type=\"widget\" data-widget_type=\"text-editor.default\">\n\t\t\t\t<div class=\"elementor-widget-container\">\n\t\t\t<style>\/*! elementor - v3.21.0 - 18-04-2024 *\/\n.elementor-widget-text-editor.elementor-drop-cap-view-stacked .elementor-drop-cap{background-color:#69727d;color:#fff}.elementor-widget-text-editor.elementor-drop-cap-view-framed .elementor-drop-cap{color:#69727d;border:3px solid;background-color:transparent}.elementor-widget-text-editor:not(.elementor-drop-cap-view-default) .elementor-drop-cap{margin-top:8px}.elementor-widget-text-editor:not(.elementor-drop-cap-view-default) .elementor-drop-cap-letter{width:1em;height:1em}.elementor-widget-text-editor .elementor-drop-cap{float:left;text-align:center;line-height:1;font-size:50px}.elementor-widget-text-editor .elementor-drop-cap-letter{display:inline-block}<\/style>\t\t\t\t<h4><strong>Cada 1\u00ba autor s\u00f3 pode apresentar dois trabalhos<br \/><\/strong><br \/><strong>Poder\u00e1 submeter o(s) seus trabalho(s) ao congresso nas seguintes <\/strong><strong>linhas tem\u00e1ticas:<\/strong><br \/>Na submiss\u00e3o do(s) seu(s) trabalhos dever\u00e1 identificar a linha tem\u00e1tica na qual se insere(m):<br \/>\u2022 Desenvolvimento e Psicologia Cl\u00ednica e da Sa\u00fade: crian\u00e7a e adolescente<br \/>\u2022 Desenvolvimento e Psicologia Cl\u00ednica e da Sa\u00fade: adulto e idoso<br \/>\u2022 Doen\u00e7a mental<br \/>\u2022 Inova\u00e7\u00e3o e Ciberpsicologia<br \/>\u2022 Avalia\u00e7\u00e3o Psicol\u00f3gica<br \/>\u2022 Investiga\u00e7\u00e3o Psicol\u00f3gica<br \/>\u2022 Promo\u00e7\u00e3o\/Interven\u00e7\u00e3o em Sa\u00fade<br \/>\u2022 Processos Positivos e Resili\u00eancia<br \/>\u2022 Cuidados\/Servi\u00e7os de Sa\u00fade<br \/>\u2022 Perce\u00e7\u00e3o e Comunica\u00e7\u00e3o em Sa\u00fade<br \/>\u2022 Comportamento\/Estilos de Vida e Sa\u00fade<br \/>\u2022 Ambientes Saud\u00e1veis e Sustent\u00e1veis<br \/>\u2022 Dor e Doen\u00e7as Cr\u00f3nicas<br \/>\u2022 Redes Sociais e Sa\u00fade<br \/>\u2022 Sa\u00fade Ocupacional<br \/>\u2022 Stress e Coping<br \/>\u2022 Sexualidade\/Sexologia e Sa\u00fade<br \/>\u2022 Parentalidade e Sa\u00fade<br \/>\u2022 Cultura e Sa\u00fade<br \/>\u2022 Outra linha<\/h4>\t\t\t\t\t\t<\/div>\n\t\t\t\t<\/div>\n\t\t\t\t\t<\/div>\n\t\t\t\t<\/div>\n\t\t<div class=\"elementor-element elementor-element-d4fec48 e-flex e-con-boxed e-con e-parent\" data-id=\"d4fec48\" data-element_type=\"container\">\n\t\t\t\t\t<div class=\"e-con-inner\">\n\t\t\t\t<div class=\"elementor-element elementor-element-a9d9d83 elementor-widget elementor-widget-text-editor\" data-id=\"a9d9d83\" data-element_type=\"widget\" data-widget_type=\"text-editor.default\">\n\t\t\t\t<div class=\"elementor-widget-container\">\n\t\t\t\t\t\t\t<h4>Os formatos s\u00e3o os seguintes:<br \/><strong>Simp\u00f3sio (SP)<\/strong>&#8211; \u00e9 um grupo de comunica\u00e7\u00f5es centrado numa linha tem\u00e1tica. Os simp\u00f3sios s\u00e3o constitu\u00eddos por 05 comunica\u00e7\u00f5es orais. Os simp\u00f3sios poder\u00e3o ser apresentados em formato presencial ou on line.<\/h4><h4><strong>\u2022 Comunica\u00e7\u00f5es Livres (CL)<\/strong> &#8211; s\u00e3o apresenta\u00e7\u00f5es de investiga\u00e7\u00e3o emp\u00edrica original ou meta-an\u00e1lises\/revis\u00f5es de literatura. As comunica\u00e7\u00f5es livres poder\u00e3o ser apresentadas em formato presencial ou on line.<\/h4><h4><strong>\u2022 Workshops &#8211;<\/strong> Sess\u00e3o de car\u00e1ter educativo sobre um tema espec\u00edfico a realizar previamente ou durante a Confer\u00eancia<\/h4><h4><strong>\u2022 Posters <\/strong>Apresenta\u00e7\u00e3o de investiga\u00e7\u00e3o emp\u00edrica original ou meta-an\u00e1lises\/revis\u00f5es de literatura em sess\u00e3o de posters.<\/h4><h4>Para submeter o seu trabalho, utilize a <a href=\"https:\/\/forms.gle\/V2CyXR2n77evG5gR6\" target=\"_blank\" rel=\"noopener\"><strong>seguinte plataforma<\/strong><\/a>:<\/h4>\t\t\t\t\t\t<\/div>\n\t\t\t\t<\/div>\n\t\t\t\t\t<\/div>\n\t\t\t\t<\/div>\n\t\t<div class=\"elementor-element elementor-element-e66ddf9 e-flex e-con-boxed e-con e-parent\" data-id=\"e66ddf9\" data-element_type=\"container\">\n\t\t\t\t\t<div class=\"e-con-inner\">\n\t\t\t\t<div class=\"elementor-element elementor-element-340dd0b elementor-widget elementor-widget-text-editor\" data-id=\"340dd0b\" data-element_type=\"widget\" data-widget_type=\"text-editor.default\">\n\t\t\t\t<div class=\"elementor-widget-container\">\n\t\t\t\t\t\t\t<h4><strong>Pr\u00e9mios<\/strong>\u00a0<\/h4><h4>Com vista a valorizar o m\u00e9rito dos investigadores que apresentam comunica\u00e7\u00f5es nas Confer\u00eancias instituem-se pr\u00e9mios. Esta distin\u00e7\u00e3o, est\u00edmulo para os investigadores, contribui para o seu empenho na investiga\u00e7\u00e3o e enriquece o seu curr\u00edculo.<br \/>Est\u00e3o institu\u00eddos dois pr\u00e9mios:<br \/><strong>\u2022 Pr\u00e9mio Investigador\/a de M\u00e9rito:<\/strong> destinado a galardoar investigadores, em geral, cujos trabalhos se salientam no congresso;<br \/><strong>\u2022 Pr\u00e9mio Jovem Investigador\/a de M\u00e9rito:<\/strong> destinado a galardoar jovens investigadores, que tenham obtido o grau de mestre h\u00e1 menos de dois anos, e cujos trabalhos se salientam no congresso.<\/h4>\t\t\t\t\t\t<\/div>\n\t\t\t\t<\/div>\n\t\t\t\t\t<\/div>\n\t\t\t\t<\/div>\n\t\t<div class=\"elementor-element elementor-element-1c6caeb e-flex e-con-boxed e-con e-parent\" data-id=\"1c6caeb\" data-element_type=\"container\">\n\t\t\t\t\t<div class=\"e-con-inner\">\n\t\t\t\t<div class=\"elementor-element elementor-element-f518407 elementor-widget elementor-widget-spacer\" data-id=\"f518407\" data-element_type=\"widget\" data-widget_type=\"spacer.default\">\n\t\t\t\t<div class=\"elementor-widget-container\">\n\t\t\t<style>\/*! elementor - v3.21.0 - 18-04-2024 *\/\n.elementor-column .elementor-spacer-inner{height:var(--spacer-size)}.e-con{--container-widget-width:100%}.e-con-inner>.elementor-widget-spacer,.e-con>.elementor-widget-spacer{width:var(--container-widget-width,var(--spacer-size));--align-self:var(--container-widget-align-self,initial);--flex-shrink:0}.e-con-inner>.elementor-widget-spacer>.elementor-widget-container,.e-con>.elementor-widget-spacer>.elementor-widget-container{height:100%;width:100%}.e-con-inner>.elementor-widget-spacer>.elementor-widget-container>.elementor-spacer,.e-con>.elementor-widget-spacer>.elementor-widget-container>.elementor-spacer{height:100%}.e-con-inner>.elementor-widget-spacer>.elementor-widget-container>.elementor-spacer>.elementor-spacer-inner,.e-con>.elementor-widget-spacer>.elementor-widget-container>.elementor-spacer>.elementor-spacer-inner{height:var(--container-widget-height,var(--spacer-size))}.e-con-inner>.elementor-widget-spacer.elementor-widget-empty,.e-con>.elementor-widget-spacer.elementor-widget-empty{position:relative;min-height:22px;min-width:22px}.e-con-inner>.elementor-widget-spacer.elementor-widget-empty .elementor-widget-empty-icon,.e-con>.elementor-widget-spacer.elementor-widget-empty .elementor-widget-empty-icon{position:absolute;top:0;bottom:0;left:0;right:0;margin:auto;padding:0;width:22px;height:22px}<\/style>\t\t<div class=\"elementor-spacer\">\n\t\t\t<div class=\"elementor-spacer-inner\"><\/div>\n\t\t<\/div>\n\t\t\t\t<\/div>\n\t\t\t\t<\/div>\n\t\t\t\t\t<\/div>\n\t\t\t\t<\/div>\n\t\t<div class=\"elementor-element elementor-element-ec5df0e e-flex e-con-boxed e-con e-parent\" data-id=\"ec5df0e\" data-element_type=\"container\">\n\t\t\t\t\t<div class=\"e-con-inner\">\n\t\t\t\t<div class=\"elementor-element elementor-element-40c6fa4 elementor-widget elementor-widget-heading\" data-id=\"40c6fa4\" data-element_type=\"widget\" data-widget_type=\"heading.default\">\n\t\t\t\t<div class=\"elementor-widget-container\">\n\t\t\t<style>\/*! elementor - v3.21.0 - 18-04-2024 *\/\n.elementor-heading-title{padding:0;margin:0;line-height:1}.elementor-widget-heading .elementor-heading-title[class*=elementor-size-]>a{color:inherit;font-size:inherit;line-height:inherit}.elementor-widget-heading .elementor-heading-title.elementor-size-small{font-size:15px}.elementor-widget-heading .elementor-heading-title.elementor-size-medium{font-size:19px}.elementor-widget-heading .elementor-heading-title.elementor-size-large{font-size:29px}.elementor-widget-heading .elementor-heading-title.elementor-size-xl{font-size:39px}.elementor-widget-heading .elementor-heading-title.elementor-size-xxl{font-size:59px}<\/style><h2 class=\"elementor-heading-title elementor-size-default\">SUBMISS\u00c3O DE COMUNICA\u00c7\u00d5ES LIVRES E POSTERS<\/h2>\t\t<\/div>\n\t\t\t\t<\/div>\n\t\t\t\t\t<\/div>\n\t\t\t\t<\/div>\n\t\t<div class=\"elementor-element elementor-element-af7a94c e-flex e-con-boxed e-con e-parent\" data-id=\"af7a94c\" data-element_type=\"container\">\n\t\t\t\t\t<div class=\"e-con-inner\">\n\t\t\t\t<div class=\"elementor-element elementor-element-8e9a82c elementor-widget elementor-widget-text-editor\" data-id=\"8e9a82c\" data-element_type=\"widget\" data-widget_type=\"text-editor.default\">\n\t\t\t\t<div class=\"elementor-widget-container\">\n\t\t\t\t\t\t\t<h4>Para submeter uma comunica\u00e7\u00e3o livre ou um poster, dever\u00e1 preencher e submeter o formul\u00e1rio at\u00e9 <strong>1 de maio de 2024<\/strong>.<\/h4><h4>Neste formul\u00e1rio, dever\u00e1 identificar: (1) os autores, respetivas afilia\u00e7\u00f5es e contactos; (2) o autor respons\u00e1vel pela apresenta\u00e7\u00e3o e seus contactos; (3) a linha<br \/>tem\u00e1tica onde o trabalho se insere e (4) o formato que pretende para a<br \/>comunica\u00e7\u00e3o (oral ou poster).<\/h4><h4>Submiss\u00e3o de <a href=\"https:\/\/forms.gle\/V2CyXR2n77evG5gR6\" target=\"_blank\" rel=\"noopener\"><strong>Comunica\u00e7\u00f5es e Posters <\/strong><\/a>do resumo de uma comunica\u00e7\u00e3o livre ou poster, dever\u00e1 seguir a<br \/>seguinte estrutura:<br \/><strong>\u2022 T\u00edtulo<\/strong>: dever\u00e1 ter no m\u00e1ximo 12 palavras.<br \/><strong>\u2022 Corpo do texto<\/strong>: dever\u00e1 ter no <strong>m\u00e1ximo de 1500 caracteres com <\/strong><strong>espa\u00e7os (aprox. 200 palavras)<\/strong>, incluindo:<br \/><strong>\u2022 Introdu\u00e7\u00e3o<\/strong>: Referir os principais objetivos do estudo, incluindo enquadramento te\u00f3rico, as quest\u00f5es de investiga\u00e7\u00e3o ou a teoria a ser testada.<br \/><strong>\u2022 M\u00e9todo<\/strong>: Para estudos quantitativos, descrever o design, participantes e instrumentos utilizados; nos estudos qualitativos descrever design, participantes, m\u00e9todos de recolha e de an\u00e1lise de dados (e.g., grounded theory ou an\u00e1lise de discurso).<br \/><strong>\u2022 Resultados<\/strong>: Fazer uma descri\u00e7\u00e3o sum\u00e1ria dos resultados emp\u00edricos.<br \/><strong>\u2022 Discuss\u00e3o<\/strong>: Conclus\u00f5es e\/ou discuss\u00e3o acerca da poss\u00edvel<br \/>contribui\u00e7\u00e3o do estudo para a Psicologia da Sa\u00fade.<br \/><strong>N\u00e3o<\/strong> dever\u00e1 incluir uma lista de refer\u00eancias no final do seu resumo.<\/h4>\t\t\t\t\t\t<\/div>\n\t\t\t\t<\/div>\n\t\t\t\t\t<\/div>\n\t\t\t\t<\/div>\n\t\t<div class=\"elementor-element elementor-element-5613834 e-flex e-con-boxed e-con e-parent\" data-id=\"5613834\" data-element_type=\"container\">\n\t\t\t\t\t<div class=\"e-con-inner\">\n\t\t\t\t<div class=\"elementor-element elementor-element-93353f6 elementor-widget elementor-widget-text-editor\" data-id=\"93353f6\" data-element_type=\"widget\" data-widget_type=\"text-editor.default\">\n\t\t\t\t<div class=\"elementor-widget-container\">\n\t\t\t\t\t\t\t<h4><strong>No caso de apresentar uma comunica\u00e7\u00e3o livre, atenda \u00e0s seguintes orienta\u00e7\u00f5es:<\/strong><br \/><strong>Apresenta\u00e7\u00e3o:<\/strong> dura\u00e7\u00e3o 10 minutos<br \/><strong>Formato:<\/strong> Power Point &#8211; PPT<br \/>Pode descarregar o template para a apresenta\u00e7\u00e3o das comunica\u00e7\u00f5es livres <strong><a href=\"https:\/\/3ci-pcs.ubi.pt\/wp-content\/uploads\/2024\/02\/Template-Comunicacao-Oral-3as-CI.PCS_.UBI_.pptx\">aqui<\/a><\/strong>:<\/h4><h4><strong>No caso de apresentar um poster, atenda \u00e0s seguintes dimens\u00f5es:<\/strong><\/h4><h4><strong>Formato: Impresso<\/strong><\/h4>\t\t\t\t\t\t<\/div>\n\t\t\t\t<\/div>\n\t\t\t\t<div class=\"elementor-element elementor-element-65925f4 elementor-widget elementor-widget-image\" data-id=\"65925f4\" data-element_type=\"widget\" data-widget_type=\"image.default\">\n\t\t\t\t<div class=\"elementor-widget-container\">\n\t\t\t\t\t\t\t\t\t\t\t\t\t<img fetchpriority=\"high\" decoding=\"async\" width=\"284\" height=\"300\" src=\"https:\/\/3ci-pcs.ubi.pt\/wp-content\/uploads\/2024\/02\/medidas-1-284x300.jpg\" class=\"attachment-medium size-medium wp-image-194\" alt=\"\" srcset=\"https:\/\/3ci-pcs.ubi.pt\/wp-content\/uploads\/2024\/02\/medidas-1-284x300.jpg 284w, https:\/\/3ci-pcs.ubi.pt\/wp-content\/uploads\/2024\/02\/medidas-1.jpg 482w\" sizes=\"(max-width: 284px) 100vw, 284px\" \/>\t\t\t\t\t\t\t\t\t\t\t\t\t<\/div>\n\t\t\t\t<\/div>\n\t\t\t\t\t<\/div>\n\t\t\t\t<\/div>\n\t\t<div class=\"elementor-element elementor-element-90d4220 e-flex e-con-boxed e-con e-parent\" data-id=\"90d4220\" data-element_type=\"container\">\n\t\t\t\t\t<div class=\"e-con-inner\">\n\t\t\t\t<div class=\"elementor-element elementor-element-9266534 elementor-widget elementor-widget-text-editor\" data-id=\"9266534\" data-element_type=\"widget\" data-widget_type=\"text-editor.default\">\n\t\t\t\t<div class=\"elementor-widget-container\">\n\t\t\t\t\t\t\t<h4>Pode descarregar o template para a apresenta\u00e7\u00e3o de posters <a href=\"https:\/\/3ci-pcs.ubi.pt\/wp-content\/uploads\/2024\/02\/Template-Poster-3as-CI.PCS_.UBI_.pptx\" target=\"_blank\" rel=\"noopener\"><strong>aqui<\/strong><\/a>:<\/h4>\t\t\t\t\t\t<\/div>\n\t\t\t\t<\/div>\n\t\t\t\t\t<\/div>\n\t\t\t\t<\/div>\n\t\t<div class=\"elementor-element elementor-element-2752c12 e-flex e-con-boxed e-con e-parent\" data-id=\"2752c12\" data-element_type=\"container\">\n\t\t\t\t\t<div class=\"e-con-inner\">\n\t\t\t\t<div class=\"elementor-element elementor-element-4eb7990 elementor-widget elementor-widget-spacer\" data-id=\"4eb7990\" data-element_type=\"widget\" data-widget_type=\"spacer.default\">\n\t\t\t\t<div class=\"elementor-widget-container\">\n\t\t\t\t\t<div class=\"elementor-spacer\">\n\t\t\t<div class=\"elementor-spacer-inner\"><\/div>\n\t\t<\/div>\n\t\t\t\t<\/div>\n\t\t\t\t<\/div>\n\t\t\t\t\t<\/div>\n\t\t\t\t<\/div>\n\t\t<div class=\"elementor-element elementor-element-7538c2a e-flex e-con-boxed e-con e-parent\" data-id=\"7538c2a\" data-element_type=\"container\">\n\t\t\t\t\t<div class=\"e-con-inner\">\n\t\t\t\t<div class=\"elementor-element elementor-element-e609a96 elementor-widget elementor-widget-heading\" data-id=\"e609a96\" data-element_type=\"widget\" data-widget_type=\"heading.default\">\n\t\t\t\t<div class=\"elementor-widget-container\">\n\t\t\t<h2 class=\"elementor-heading-title elementor-size-default\">SUBMISS\u00c3O DE SIMP\u00d3SIOS\n<\/h2>\t\t<\/div>\n\t\t\t\t<\/div>\n\t\t\t\t\t<\/div>\n\t\t\t\t<\/div>\n\t\t<div class=\"elementor-element elementor-element-11b0f9a e-flex e-con-boxed e-con e-parent\" data-id=\"11b0f9a\" data-element_type=\"container\">\n\t\t\t\t\t<div class=\"e-con-inner\">\n\t\t\t\t<div class=\"elementor-element elementor-element-f8ac42c elementor-widget elementor-widget-text-editor\" data-id=\"f8ac42c\" data-element_type=\"widget\" data-widget_type=\"text-editor.default\">\n\t\t\t\t<div class=\"elementor-widget-container\">\n\t\t\t\t\t\t\t<h4>Para submeter um simp\u00f3sio. O\/A coordenador(a) do mesmo dever\u00e1 preencher o formul\u00e1rio at\u00e9 dia <strong>1 maio de 2024<\/strong>.<\/h4><h4>Neste formul\u00e1rio, dever\u00e3o identificar: (1) o coordenador do simp\u00f3sio, sua afilia\u00e7\u00e3o e contatos: (2) o moderador e sua afilia\u00e7\u00e3o (optativo); (3) a linha tem\u00e1tica onde o simp\u00f3sio se insere e (4) o formato de apresenta\u00e7\u00e3o que pretende.<\/h4><h4><a href=\"https:\/\/forms.gle\/V2CyXR2n77evG5gR6\" target=\"_blank\" rel=\"noopener\"><strong>Submiss\u00e3o de Simp\u00f3sios<\/strong><\/a><\/h4><h4>A apresenta\u00e7\u00e3o do simp\u00f3sio dever\u00e1 seguir a seguinte estrutura:<br \/><strong>T\u00edtulo<\/strong>: dever\u00e1 ter um m\u00e1ximo de 12 palavras<br \/><strong>Resumo do Simp\u00f3sio<\/strong>: dever\u00e1 ter um <strong>m\u00e1ximo de 2000 caracteres com espa\u00e7os (aprox. 300 palavras)<\/strong>, incluindo:<br \/><strong>Objetivos<\/strong>: descrever os principais objetivos que pretende atingir com a realiza\u00e7\u00e3o do simp\u00f3sio.<br \/><strong>Relev\u00e2ncia<\/strong>: justificar a relev\u00e2ncia do simp\u00f3sio face ao tema das Confer\u00eancias.<br \/><strong>Sum\u00e1rio<\/strong>: descri\u00e7\u00e3o do simp\u00f3sio como um todo e integra\u00e7\u00e3o das comunica\u00e7\u00f5es individuais, com indica\u00e7\u00e3o da sua ordem de apresenta\u00e7\u00e3o.<br \/><strong>Resumo das comunica\u00e7\u00f5es individuais<\/strong>: os resumos das comunica\u00e7\u00f5es individuais que comp\u00f5em o simp\u00f3sio dever\u00e3o seguir as instru\u00e7\u00f5es de submiss\u00e3o <br \/>das comunica\u00e7\u00f5es livres.<\/h4><h4>ATEN\u00c7\u00c3O: os simp\u00f3sios orais ter\u00e3o 5 comunica\u00e7\u00f5es (sem moderador) ou 5 <br \/>comunica\u00e7\u00f5es (com um moderador). \u00c9 da responsabilidade do coordenador a <br \/>recolha e submiss\u00e3o das comunica\u00e7\u00f5es individuais que comp\u00f5em o simp\u00f3sio<\/h4>\t\t\t\t\t\t<\/div>\n\t\t\t\t<\/div>\n\t\t\t\t\t<\/div>\n\t\t\t\t<\/div>\n\t\t<div class=\"elementor-element elementor-element-cc9298b e-flex e-con-boxed e-con e-parent\" data-id=\"cc9298b\" data-element_type=\"container\">\n\t\t\t\t\t<div class=\"e-con-inner\">\n\t\t\t\t<div class=\"elementor-element elementor-element-2e013cb elementor-widget elementor-widget-spacer\" data-id=\"2e013cb\" data-element_type=\"widget\" data-widget_type=\"spacer.default\">\n\t\t\t\t<div class=\"elementor-widget-container\">\n\t\t\t\t\t<div class=\"elementor-spacer\">\n\t\t\t<div class=\"elementor-spacer-inner\"><\/div>\n\t\t<\/div>\n\t\t\t\t<\/div>\n\t\t\t\t<\/div>\n\t\t\t\t\t<\/div>\n\t\t\t\t<\/div>\n\t\t<div class=\"elementor-element elementor-element-23b1433 e-flex e-con-boxed e-con e-parent\" data-id=\"23b1433\" data-element_type=\"container\">\n\t\t\t\t\t<div class=\"e-con-inner\">\n\t\t\t\t<div class=\"elementor-element elementor-element-5daa8c8 elementor-widget elementor-widget-heading\" data-id=\"5daa8c8\" data-element_type=\"widget\" data-widget_type=\"heading.default\">\n\t\t\t\t<div class=\"elementor-widget-container\">\n\t\t\t<h2 class=\"elementor-heading-title elementor-size-default\">SUBMISS\u00c3O DE TEXTOS PARA O LIVRO DE \nATAS\n<\/h2>\t\t<\/div>\n\t\t\t\t<\/div>\n\t\t\t\t\t<\/div>\n\t\t\t\t<\/div>\n\t\t<div class=\"elementor-element elementor-element-12fe40e e-flex e-con-boxed e-con e-parent\" data-id=\"12fe40e\" data-element_type=\"container\">\n\t\t\t\t\t<div class=\"e-con-inner\">\n\t\t\t\t<div class=\"elementor-element elementor-element-a04a69f elementor-widget elementor-widget-text-editor\" data-id=\"a04a69f\" data-element_type=\"widget\" data-widget_type=\"text-editor.default\">\n\t\t\t\t<div class=\"elementor-widget-container\">\n\t\t\t\t\t\t\t<h4>Para submeter um texto para o livro de atas, deve enviar o mesmo at\u00e9 dia <strong>15 de maio de 2024<\/strong>, para o seguinte email: <strong><a href=\"mailto:conferenciaspcs.ubi@gmail.com\">conferenciaspcs.ubi@gmail.com<\/a><br \/><\/strong><br \/>Cada autor n\u00e3o pode enviar mais do que dois textos enquanto primeiro autor. O trabalho apresentado para publica\u00e7\u00e3o dever\u00e1 ter exatamente o mesmo t\u00edtulo e os mesmos autores que a comunica\u00e7\u00e3o proposta para apresentar ao congresso. Se a comunica\u00e7\u00e3o ao congresso for recusada pela comiss\u00e3o cient\u00edfica o trabalho n\u00e3o ser\u00e1 publicado. Os editores recusar\u00e3o os textos que n\u00e3o cumpram as regras referidas anteriormente e os que considerem n\u00e3o ter n\u00edvel cient\u00edfico adequado para publica\u00e7\u00e3o. S\u00f3 ser\u00e3o publicados trabalhos em que o primeiro autor esteja inscrito no Congresso.<br \/><br \/>F<strong>ormatar o documento de acordo com as seguintes normas<\/strong>: O texto dever\u00e1 ter at\u00e9 ao m\u00e1ximo de 10 p\u00e1ginas, incluindo t\u00edtulo, autores, resumo, texto e refer\u00eancias. O formato da folha deve ser A4, com margem superior e inferior de 2.5 e esquerda e direita de 3 cm. A letra dever\u00e1 ser Times New Roman, tamanho 12, justificado, espa\u00e7amento de 1 ponto entre linhas e 12 pontos entre par\u00e1grafos (espa\u00e7o depois do par\u00e1grafo). Separar os novos t\u00edtulos atrav\u00e9s de uma linha de intervalo. O template disponibilizado j\u00e1 inclui essa formata\u00e7\u00e3o, assim como as formata\u00e7\u00f5es para t\u00edtulos e subt\u00edtulos, tabelas, figuras e dados qualitativos. As cita\u00e7\u00f5es e refer\u00eancias dever\u00e3o ser apresentadas segundo normas da APA. <br \/>Descarregue o template para a elabora\u00e7\u00e3o do texto <a href=\"https:\/\/3ci-pcs.ubi.pt\/wp-content\/uploads\/2024\/02\/Template-Artigo-3as-Ci.PCS_.UBI_.pdf\" target=\"_blank\" rel=\"noopener\"><strong>aqui<\/strong><\/a>:<\/h4>\t\t\t\t\t\t<\/div>\n\t\t\t\t<\/div>\n\t\t\t\t\t<\/div>\n\t\t\t\t<\/div>\n\t\t<div class=\"elementor-element elementor-element-6ff16b0 e-flex e-con-boxed e-con e-parent\" data-id=\"6ff16b0\" data-element_type=\"container\">\n\t\t\t\t\t<div class=\"e-con-inner\">\n\t\t\t\t<div class=\"elementor-element elementor-element-d577f32 elementor-widget elementor-widget-text-editor\" data-id=\"d577f32\" data-element_type=\"widget\" data-widget_type=\"text-editor.default\">\n\t\t\t\t<div class=\"elementor-widget-container\">\n\t\t\t\t\t\t\t<h4><strong>DATAS IMPORTANTES<br \/><\/strong><br \/><strong>\u00b7 Confer\u00eancias<\/strong>: 20 e 21 maio | 2024<br \/><strong>\u00b7 Submiss\u00e3o de resumos<\/strong>: 1 maio | 2024<br \/><strong>\u00b7 Envio de texto completo<\/strong>: 15 maio | 2024<br \/><strong>\u00b7 Inscri\u00e7\u00f5es<\/strong>: Taxa reduzida | 1 maio | 2024<\/h4><h4><strong>\u00b7 Informa\u00e7\u00f5es<\/strong>:<br \/>&#8211; Todos os participantes com comunica\u00e7\u00e3o aprovada dever\u00e3o ter a inscri\u00e7\u00e3o e pagamento efetuados at\u00e9 16 de maio de 2024.<br \/>&#8211; Todos os participantes com comunica\u00e7\u00e3o oral aprovada (presencial ou on line) dever\u00e3o enviar o PPT da apresenta\u00e7\u00e3o at\u00e9 18 de maio de 2024 para<br \/><a href=\"mailto:conferenciaspcs.ubi@gmail.com\"><strong>conferenciaspcs.ubi@gmail.com<\/strong><\/a><br \/>&#8211; Os participantes que tiverem interesse em ver os seus trabalhos publicados<br \/>como cap\u00edtulo de livro com ISBN, dever\u00e3o enviar os textos completos at\u00e9 15 de<br \/>maio de 2024.<\/h4>\t\t\t\t\t\t<\/div>\n\t\t\t\t<\/div>\n\t\t\t\t\t<\/div>\n\t\t\t\t<\/div>\n\t\t\t\t<\/div>\n\t\t","protected":false},"excerpt":{"rendered":"<p>Cada 1\u00ba autor s\u00f3 pode apresentar dois trabalhosPoder\u00e1 submeter o(s) seus trabalho(s) ao congresso nas seguintes linhas tem\u00e1ticas:Na submiss\u00e3o do(s) seu(s) trabalhos dever\u00e1 identificar a linha tem\u00e1tica na qual se insere(m):\u2022 Desenvolvimento e Psicologia Cl\u00ednica e da Sa\u00fade: crian\u00e7a e adolescente\u2022 Desenvolvimento e Psicologia Cl\u00ednica e da Sa\u00fade: adulto e idoso\u2022 Doen\u00e7a mental\u2022 Inova\u00e7\u00e3o e&#8230;<\/p>\n<p class=\"more-link\"><a href=\"https:\/\/3ci-pcs.ubi.pt\/?page_id=84\"><span>Read More<\/span><i>&#43;<\/i><\/a><\/p>\n","protected":false},"author":1,"featured_media":0,"parent":0,"menu_order":0,"comment_status":"closed","ping_status":"closed","template":"","meta":{"footnotes":""},"class_list":["post-84","page","type-page","status-publish","hentry"],"_links":{"self":[{"href":"https:\/\/3ci-pcs.ubi.pt\/index.php?rest_route=\/wp\/v2\/pages\/84","targetHints":{"allow":["GET"]}}],"collection":[{"href":"https:\/\/3ci-pcs.ubi.pt\/index.php?rest_route=\/wp\/v2\/pages"}],"about":[{"href":"https:\/\/3ci-pcs.ubi.pt\/index.php?rest_route=\/wp\/v2\/types\/page"}],"author":[{"embeddable":true,"href":"https:\/\/3ci-pcs.ubi.pt\/index.php?rest_route=\/wp\/v2\/users\/1"}],"replies":[{"embeddable":true,"href":"https:\/\/3ci-pcs.ubi.pt\/index.php?rest_route=%2Fwp%2Fv2%2Fcomments&post=84"}],"version-history":[{"count":43,"href":"https:\/\/3ci-pcs.ubi.pt\/index.php?rest_route=\/wp\/v2\/pages\/84\/revisions"}],"predecessor-version":[{"id":410,"href":"https:\/\/3ci-pcs.ubi.pt\/index.php?rest_route=\/wp\/v2\/pages\/84\/revisions\/410"}],"wp:attachment":[{"href":"https:\/\/3ci-pcs.ubi.pt\/index.php?rest_route=%2Fwp%2Fv2%2Fmedia&parent=84"}],"curies":[{"name":"wp","href":"https:\/\/api.w.org\/{rel}","templated":true}]}}