{"id":63,"date":"2024-01-24T15:59:03","date_gmt":"2024-01-24T15:59:03","guid":{"rendered":"https:\/\/3ci-pcs.ubi.pt\/?page_id=63"},"modified":"2024-05-20T08:33:13","modified_gmt":"2024-05-20T08:33:13","slug":"programa","status":"publish","type":"page","link":"https:\/\/3ci-pcs.ubi.pt\/?page_id=63","title":{"rendered":"PROGRAMA"},"content":{"rendered":"\t\t<div data-elementor-type=\"wp-page\" data-elementor-id=\"63\" class=\"elementor elementor-63\">\n\t\t\t\t<div class=\"elementor-element elementor-element-dff62c8 e-flex e-con-boxed e-con e-parent\" data-id=\"dff62c8\" data-element_type=\"container\">\n\t\t\t\t\t<div class=\"e-con-inner\">\n\t\t\t\t<div class=\"elementor-element elementor-element-1722f51 elementor-widget elementor-widget-image\" data-id=\"1722f51\" data-element_type=\"widget\" data-widget_type=\"image.default\">\n\t\t\t\t<div class=\"elementor-widget-container\">\n\t\t\t<style>\/*! elementor - v3.21.0 - 18-04-2024 *\/\n.elementor-widget-image{text-align:center}.elementor-widget-image a{display:inline-block}.elementor-widget-image a img[src$=\".svg\"]{width:48px}.elementor-widget-image img{vertical-align:middle;display:inline-block}<\/style>\t\t\t\t\t\t\t\t\t\t\t<a href=\"https:\/\/3ci-pcs.ubi.pt\/?page_id=318\">\n\t\t\t\t\t\t\t<img decoding=\"async\" src=\"https:\/\/3ci-pcs.ubi.pt\/wp-content\/uploads\/elementor\/thumbs\/png-transparent-flag-of-england-flag-of-the-united-kingdom-english-flag-of-great-britain-england-english-flag-world-thumbnail-qnkkrkzl0llj69hiz3u9kj1er69634t6li5nf2n0xg.png\" title=\"png-transparent-flag-of-england-flag-of-the-united-kingdom-english-flag-of-great-britain-england-english-flag-world-thumbnail\" alt=\"png-transparent-flag-of-england-flag-of-the-united-kingdom-english-flag-of-great-britain-england-english-flag-world-thumbnail\" loading=\"lazy\" \/>\t\t\t\t\t\t\t\t<\/a>\n\t\t\t\t\t\t\t\t\t\t\t\t\t<\/div>\n\t\t\t\t<\/div>\n\t\t\t\t\t<\/div>\n\t\t\t\t<\/div>\n\t\t<div class=\"elementor-element elementor-element-be6b481 e-flex e-con-boxed e-con e-parent\" data-id=\"be6b481\" data-element_type=\"container\">\n\t\t\t\t\t<div class=\"e-con-inner\">\n\t\t\t\t<div class=\"elementor-element elementor-element-00f5802 elementor-widget elementor-widget-heading\" data-id=\"00f5802\" data-element_type=\"widget\" data-widget_type=\"heading.default\">\n\t\t\t\t<div class=\"elementor-widget-container\">\n\t\t\t<style>\/*! elementor - v3.21.0 - 18-04-2024 *\/\n.elementor-heading-title{padding:0;margin:0;line-height:1}.elementor-widget-heading .elementor-heading-title[class*=elementor-size-]>a{color:inherit;font-size:inherit;line-height:inherit}.elementor-widget-heading .elementor-heading-title.elementor-size-small{font-size:15px}.elementor-widget-heading .elementor-heading-title.elementor-size-medium{font-size:19px}.elementor-widget-heading .elementor-heading-title.elementor-size-large{font-size:29px}.elementor-widget-heading .elementor-heading-title.elementor-size-xl{font-size:39px}.elementor-widget-heading .elementor-heading-title.elementor-size-xxl{font-size:59px}<\/style><h2 class=\"elementor-heading-title elementor-size-default\">PROGRAMA CIENT\u00cdFICO<\/h2>\t\t<\/div>\n\t\t\t\t<\/div>\n\t\t\t\t\t<\/div>\n\t\t\t\t<\/div>\n\t\t<div class=\"elementor-element elementor-element-1125546 e-flex e-con-boxed e-con e-parent\" data-id=\"1125546\" data-element_type=\"container\">\n\t\t\t\t\t<div class=\"e-con-inner\">\n\t\t\t\t<div class=\"elementor-element elementor-element-5aee5da elementor-widget elementor-widget-button\" data-id=\"5aee5da\" data-element_type=\"widget\" data-widget_type=\"button.default\">\n\t\t\t\t<div class=\"elementor-widget-container\">\n\t\t\t\t\t<div class=\"elementor-button-wrapper\">\n\t\t\t<a class=\"elementor-button elementor-button-link elementor-size-sm\" href=\"https:\/\/3ci-pcs.ubi.pt\/wp-content\/uploads\/2024\/05\/PROGRAMA-CIENTIFICO-3as-CI.PCS_.UBI_.pdf\">\n\t\t\t\t\t\t<span class=\"elementor-button-content-wrapper\">\n\t\t\t\t\t\t\t\t\t<span class=\"elementor-button-text\">Ver aqui<\/span>\n\t\t\t\t\t<\/span>\n\t\t\t\t\t<\/a>\n\t\t<\/div>\n\t\t\t\t<\/div>\n\t\t\t\t<\/div>\n\t\t\t\t\t<\/div>\n\t\t\t\t<\/div>\n\t\t<div class=\"elementor-element elementor-element-f0d75e6 e-flex e-con-boxed e-con e-parent\" data-id=\"f0d75e6\" data-element_type=\"container\">\n\t\t\t\t\t<div class=\"e-con-inner\">\n\t\t\t\t<div class=\"elementor-element elementor-element-12389ab elementor-widget elementor-widget-heading\" data-id=\"12389ab\" data-element_type=\"widget\" data-widget_type=\"heading.default\">\n\t\t\t\t<div class=\"elementor-widget-container\">\n\t\t\t<h2 class=\"elementor-heading-title elementor-size-default\">Confer\u00eancias plen\u00e1rias<\/h2>\t\t<\/div>\n\t\t\t\t<\/div>\n\t\t\t\t\t<\/div>\n\t\t\t\t<\/div>\n\t\t<div class=\"elementor-element elementor-element-e2411dd e-flex e-con-boxed e-con e-parent\" data-id=\"e2411dd\" data-element_type=\"container\">\n\t\t\t\t\t<div class=\"e-con-inner\">\n\t\t\t\t<div class=\"elementor-element elementor-element-b058d4f elementor-widget elementor-widget-button\" data-id=\"b058d4f\" data-element_type=\"widget\" data-widget_type=\"button.default\">\n\t\t\t\t<div class=\"elementor-widget-container\">\n\t\t\t\t\t<div class=\"elementor-button-wrapper\">\n\t\t\t<a class=\"elementor-button elementor-button-link elementor-size-sm\" href=\"#\">\n\t\t\t\t\t\t<span class=\"elementor-button-content-wrapper\">\n\t\t\t\t\t\t\t\t\t<span class=\"elementor-button-text\">Brevemente<\/span>\n\t\t\t\t\t<\/span>\n\t\t\t\t\t<\/a>\n\t\t<\/div>\n\t\t\t\t<\/div>\n\t\t\t\t<\/div>\n\t\t\t\t\t<\/div>\n\t\t\t\t<\/div>\n\t\t\t\t<\/div>\n\t\t","protected":false},"excerpt":{"rendered":"<p>PROGRAMA CIENT\u00cdFICO Ver aqui Confer\u00eancias plen\u00e1rias Brevemente<\/p>\n","protected":false},"author":1,"featured_media":0,"parent":0,"menu_order":0,"comment_status":"closed","ping_status":"closed","template":"","meta":{"footnotes":""},"class_list":["post-63","page","type-page","status-publish","hentry"],"_links":{"self":[{"href":"https:\/\/3ci-pcs.ubi.pt\/index.php?rest_route=\/wp\/v2\/pages\/63","targetHints":{"allow":["GET"]}}],"collection":[{"href":"https:\/\/3ci-pcs.ubi.pt\/index.php?rest_route=\/wp\/v2\/pages"}],"about":[{"href":"https:\/\/3ci-pcs.ubi.pt\/index.php?rest_route=\/wp\/v2\/types\/page"}],"author":[{"embeddable":true,"href":"https:\/\/3ci-pcs.ubi.pt\/index.php?rest_route=\/wp\/v2\/users\/1"}],"replies":[{"embeddable":true,"href":"https:\/\/3ci-pcs.ubi.pt\/index.php?rest_route=%2Fwp%2Fv2%2Fcomments&post=63"}],"version-history":[{"count":18,"href":"https:\/\/3ci-pcs.ubi.pt\/index.php?rest_route=\/wp\/v2\/pages\/63\/revisions"}],"predecessor-version":[{"id":487,"href":"https:\/\/3ci-pcs.ubi.pt\/index.php?rest_route=\/wp\/v2\/pages\/63\/revisions\/487"}],"wp:attachment":[{"href":"https:\/\/3ci-pcs.ubi.pt\/index.php?rest_route=%2Fwp%2Fv2%2Fmedia&parent=63"}],"curies":[{"name":"wp","href":"https:\/\/api.w.org\/{rel}","templated":true}]}}